{"id":365,"date":"2021-07-09T12:07:31","date_gmt":"2021-07-09T10:07:31","guid":{"rendered":"http:\/\/dannybianchi.it\/?page_id=365"},"modified":"2025-12-24T15:30:06","modified_gmt":"2025-12-24T14:30:06","slug":"live","status":"publish","type":"page","link":"https:\/\/dannybianchi.it\/de\/live\/","title":{"rendered":"Live"},"content":{"rendered":"<div data-elementor-type=\"wp-page\" data-elementor-id=\"365\" class=\"elementor elementor-365\">\n\t\t\t\t\t\t<section class=\"elementor-section elementor-top-section elementor-element elementor-element-7efaecd elementor-section-boxed elementor-section-height-default elementor-section-height-default\" data-id=\"7efaecd\" data-element_type=\"section\" data-e-type=\"section\">\n\t\t\t\t\t\t<div class=\"elementor-container elementor-column-gap-default\">\n\t\t\t\t\t<div class=\"elementor-column elementor-col-100 elementor-top-column elementor-element elementor-element-fcf0903\" data-id=\"fcf0903\" data-element_type=\"column\" data-e-type=\"column\">\n\t\t\t<div class=\"elementor-widget-wrap elementor-element-populated\">\n\t\t\t\t\t\t<div class=\"elementor-element elementor-element-f22edee elementor-widget elementor-widget-spacer\" data-id=\"f22edee\" data-element_type=\"widget\" data-e-type=\"widget\" data-widget_type=\"spacer.default\">\n\t\t\t\t<div class=\"elementor-widget-container\">\n\t\t\t\t\t\t\t<div class=\"elementor-spacer\">\n\t\t\t<div class=\"elementor-spacer-inner\"><\/div>\n\t\t<\/div>\n\t\t\t\t\t\t<\/div>\n\t\t\t\t<\/div>\n\t\t\t\t\t<\/div>\n\t\t<\/div>\n\t\t\t\t\t<\/div>\n\t\t<\/section>\n\t\t\t\t<section class=\"elementor-section elementor-top-section elementor-element elementor-element-d65881c elementor-section-boxed elementor-section-height-default elementor-section-height-default\" data-id=\"d65881c\" data-element_type=\"section\" data-e-type=\"section\">\n\t\t\t\t\t\t\t<div class=\"elementor-background-overlay\"><\/div>\n\t\t\t\t\t\t\t<div class=\"elementor-container elementor-column-gap-default\">\n\t\t\t\t\t<div class=\"elementor-column elementor-col-100 elementor-top-column elementor-element elementor-element-6077237\" data-id=\"6077237\" data-element_type=\"column\" data-e-type=\"column\">\n\t\t\t<div class=\"elementor-widget-wrap elementor-element-populated\">\n\t\t\t\t\t\t<div class=\"elementor-element elementor-element-9fd4b25 elementor-widget elementor-widget-text-editor\" data-id=\"9fd4b25\" data-element_type=\"widget\" data-e-type=\"widget\" data-widget_type=\"text-editor.default\">\n\t\t\t\t<div class=\"elementor-widget-container\">\n\t\t\t\t\t\t\t\t\t<p>26.06 COCO BAR Wien<\/p><p><strong>27.06 PPC Graz (with \u00d6asis)<\/strong><\/p><p><strong>28.06 Brunn am Gebirge (italo musik)<\/strong><\/p><p><strong>04.07 Judenburg italo party (with Dresscoderiviera)<\/strong><\/p><p><strong>10.07 Klangkastenfestival (with Beatles Project)<\/strong><\/p><p><strong>02.08\u00a0 Steyr Alfisti meeting<\/strong><\/p><p><strong>18.07 Schlo\u00df Stixenstein (with \u00d6asis)<\/strong><\/p><p><strong>05.09 Tribute Night Gloggnitz (with \u00d6asis)<\/strong><\/p><p><strong>06.09 Private Party Wien<\/strong><\/p><p><strong>19.09 Mi-Barrio (with Dresscoderiviera)<\/strong><\/p><p><strong>09.10 Chelsea Wien (with \u00d6asis)<\/strong><\/p><p><strong>31.12 Private Party Tyrol<\/strong><\/p><div dir=\"auto\">\u00a0<\/div><div dir=\"auto\">\u00a0<\/div><div dir=\"auto\">\u00a0<\/div>\t\t\t\t\t\t\t\t<\/div>\n\t\t\t\t<\/div>\n\t\t\t\t\t<\/div>\n\t\t<\/div>\n\t\t\t\t\t<\/div>\n\t\t<\/section>\n\t\t\t\t<\/div>","protected":false},"excerpt":{"rendered":"<p>26.06 COCO BAR Wien 27.06 PPC Graz (with \u00d6asis) 28.06 Brunn am Gebirge (italo musik) 04.07 Judenburg italo party (with Dresscoderiviera) 10.07 Klangkastenfestival (with Beatles Project) 02.08\u00a0 Steyr Alfisti meeting 18.07 Schlo\u00df Stixenstein (with \u00d6asis) 05.09 Tribute Night Gloggnitz (with \u00d6asis) 06.09 Private Party Wien 19.09 Mi-Barrio (with Dresscoderiviera) 09.10 Chelsea Wien (with \u00d6asis) 31.12&#8230;<\/p>","protected":false},"author":1,"featured_media":0,"parent":0,"menu_order":0,"comment_status":"closed","ping_status":"closed","template":"","meta":{"_kad_post_transparent":"","_kad_post_title":"hide","_kad_post_layout":"fullwidth","_kad_post_sidebar_id":"","_kad_post_content_style":"unboxed","_kad_post_vertical_padding":"hide","_kad_post_feature":"hide","_kad_post_feature_position":"","_kad_post_header":false,"_kad_post_footer":false,"_kad_post_classname":"","footnotes":""},"class_list":["post-365","page","type-page","status-publish","hentry"],"_links":{"self":[{"href":"https:\/\/dannybianchi.it\/de\/wp-json\/wp\/v2\/pages\/365","targetHints":{"allow":["GET"]}}],"collection":[{"href":"https:\/\/dannybianchi.it\/de\/wp-json\/wp\/v2\/pages"}],"about":[{"href":"https:\/\/dannybianchi.it\/de\/wp-json\/wp\/v2\/types\/page"}],"author":[{"embeddable":true,"href":"https:\/\/dannybianchi.it\/de\/wp-json\/wp\/v2\/users\/1"}],"replies":[{"embeddable":true,"href":"https:\/\/dannybianchi.it\/de\/wp-json\/wp\/v2\/comments?post=365"}],"version-history":[{"count":15,"href":"https:\/\/dannybianchi.it\/de\/wp-json\/wp\/v2\/pages\/365\/revisions"}],"predecessor-version":[{"id":843,"href":"https:\/\/dannybianchi.it\/de\/wp-json\/wp\/v2\/pages\/365\/revisions\/843"}],"wp:attachment":[{"href":"https:\/\/dannybianchi.it\/de\/wp-json\/wp\/v2\/media?parent=365"}],"curies":[{"name":"wp","href":"https:\/\/api.w.org\/{rel}","templated":true}]}}